{"id":40,"date":"2020-11-15T16:31:55","date_gmt":"2020-11-15T16:31:55","guid":{"rendered":"https:\/\/kuponzone.com\/de\/?page_id=40"},"modified":"2021-09-16T14:05:14","modified_gmt":"2021-09-16T12:05:14","slug":"geschaftsbedingungen","status":"publish","type":"page","link":"https:\/\/kuponzone.com\/de\/geschaftsbedingungen\/","title":{"rendered":"Gesch\u00e4ftsbedingungen"},"content":{"rendered":"\n<h2 class=\"wp-block-heading\">Gesch\u00e4ftsbedingungen<\/h2>\n\n\n\n<h3 class=\"wp-block-heading\">Artikel 1: Begriffsbestimmungen<\/h3>\n\n\n\n<p>In diesen Nutzungsbedingungen gelten folgende Definitionen:<\/p>\n\n\n\n<p><strong>Website<\/strong>: <a href=\"https:\/\/kuponzone.com\/de\/\" target=\"_blank\" rel=\"noreferrer noopener\">kuponzone.com\/de<\/a><\/p>\n\n\n\n<p><strong>Benutzer<\/strong>: Die (juristische) Person, die die \u00fcber die Website angebotenen Dienste nutzt;<\/p>\n\n\n\n<p><strong>Anbieter<\/strong>: Die (juristische) Person, die Informationen, Angebote, Rabattcodes, Produkte oder Dienstleistungen anbietet, auf die auf der KuponZone.com\/de Website mittels eines (Hyper-)Links oder anderweitig verwiesen wird;<\/p>\n\n\n\n<p><strong>Angebote<\/strong>: Alle Angebote, Informationen, Rabattcodes, Angebote, Produkte, Dienstleistungen oder \u00c4u\u00dferungen des Anbieters, auf die auf der Website von kuponzone.com\/de mittels eines (Hyper-)Links oder anderweitig verwiesen wird;<\/p>\n\n\n\n<p><strong>Technologie f\u00fcr die Fernkommunikation<\/strong>: Mittel, die zum Abschluss eines Vertrages verwendet werden k\u00f6nnen, ohne dass sich Verbraucher und Gewerbetreibender gleichzeitig am selben Ort befinden;<\/p>\n\n\n\n<p><strong>Nachhaltiger Datentr\u00e4ger<\/strong>: Jedes Mittel, das es dem Verbraucher oder Unternehmer erm\u00f6glicht, an ihn pers\u00f6nlich gerichtete Informationen so zu speichern, dass eine sp\u00e4tere Einsichtnahme und unver\u00e4nderte Wiedergabe der gespeicherten Informationen m\u00f6glich ist.<\/p>\n\n\n\n<h3 class=\"wp-block-heading\">Artikel 2: Identit\u00e4t des Unternehmers<\/h3>\n\n\n\n<p>KuponZone.com\/de, ist eine Adwire Marketing Initiative.<\/p>\n\n\n\n<p>273 Gorakhpur,<br>Uttar Pradesh, India<\/p>\n\n\n\n<p>E-Mail: adwiremarketing@gmail.com<br>Mob: +917982164365<\/p>\n\n\n\n<p>Ort: Gorakhpur India<br>GSTIN-Reg.-Nr.: 09AOJPV2996K1ZW<\/p>\n\n\n\n<h3 class=\"wp-block-heading\">Artikel 3: Das Angebot \/ Rabattcode \/ Deal<\/h3>\n\n\n\n<p>Wir k\u00f6nnen nicht garantieren, dass auf dieser Website erw\u00e4hnte Angebote oder Rabattcodes funktionieren oder noch g\u00fcltig sind. KuponZone.com\/de und seine Mitarbeiter sind nicht verantwortlich f\u00fcr Sch\u00e4den, die durch die Nutzung der Informationen auf dieser Website verursacht werden. Wenn Sie einen Rabattcode oder Rabatt sehen, der nicht mehr g\u00fcltig ist, teilen Sie uns dies mit, damit wir ihn von unserer Website abrufen k\u00f6nnen.<\/p>\n\n\n\n<h3 class=\"wp-block-heading\">Artikel 4: Geistiges Eigentum<\/h3>\n\n\n\n<p>Der K\u00e4ufer erkennt ausdr\u00fccklich an, dass alle geistigen Eigentumsrechte an angezeigten Informationen, Ank\u00fcndigungen oder anderen \u00c4u\u00dferungen in Bezug auf die Produkte oder in Bezug auf die Website KuponZone.com\/de, seinen Lieferanten oder anderen Berechtigten geh\u00f6ren.<\/p>\n\n\n\n<h3 class=\"wp-block-heading\">Artikel 5: Pers\u00f6nliche Daten<\/h3>\n\n\n\n<p>KuponZone.com\/de verarbeitet die Daten des K\u00e4ufers nur in \u00dcbereinstimmung mit seiner Datenschutzrichtlinie. KuponZone.com\/de beachtet die geltenden Datenschutzbestimmungen und -gesetze.<\/p>\n\n\n\n<h3 class=\"wp-block-heading\">Artikel 6: Links<\/h3>\n\n\n\n<p>Die Website KuponZone.com\/de kann Werbung von Drittanbietern oder Links zu anderen Websites enthalten. KuponZone.com\/de hat keinen Einfluss auf die Datenschutzrichtlinien dieser Drittanbieter oder deren Websites und ist daf\u00fcr nicht verantwortlich.<\/p>\n\n\n\n<h3 class=\"wp-block-heading\">Artikel 7: Kauf<\/h3>\n\n\n\n<p>KuponZone.com\/de verkauft selbst keine Produkte. Beim Kauf eines Produkts gelten die Allgemeinen Gesch\u00e4ftsbedingungen des jeweiligen Werbetreibenden.<\/p>\n\n\n\n<h3 class=\"wp-block-heading\">Artikel 8: Ihre Rechte<\/h3>\n\n\n\n<p>Sie k\u00f6nnen jederzeit bei KuponZone.com\/de nachfragen, welche Daten \u00fcber Sie verarbeitet werden. Dazu k\u00f6nnen Sie eine E-Mail senden. Sie k\u00f6nnen KuponZone.com\/de auch bitten, Korrekturen, Erg\u00e4nzungen oder andere Korrekturen per E-Mail vorzunehmen, die KuponZone.com\/de so schnell wie m\u00f6glich bearbeiten wird. Wenn Sie keine Informationen mehr erhalten m\u00f6chten, k\u00f6nnen Sie dies KuponZone.com\/de melden. Der Versand von Informationen erfolgt nur, wenn Sie Ihre E-Mail-Adresse angegeben haben.<\/p>\n\n\n\n<h3 class=\"wp-block-heading\">Artikel 9: Zus\u00e4tzliche oder abweichende Bestimmungen<\/h3>\n\n\n\n<p>Zus\u00e4tzliche Bestimmungen oder Abweichungen von diesen Allgemeinen Gesch\u00e4ftsbedingungen d\u00fcrfen nicht zu Lasten des Verbrauchers gehen und m\u00fcssen schriftlich festgehalten werden oder in einer f\u00fcr den Verbraucher zug\u00e4nglichen Weise auf einem dauerhaften Datentr\u00e4ger gespeichert werden.<\/p>\n\n\n\n<h3 class=\"wp-block-heading\">Artikel 10: Beschwerden<\/h3>\n\n\n\n<p>Im Falle einer Reklamation empfehlen wir Ihnen, sich an den Inserenten zu wenden. Wir fungieren nur als Vermittler und sind nicht verantwortlich f\u00fcr die Dienstleistungen \/ Produkte, die der Inserent anbietet.<\/p>\n\n\n\n<h3 class=\"wp-block-heading\">Artikel 11: Anwendbares Recht<\/h3>\n\n\n\n<p>Auf die Rechtsbeziehung zwischen KuponZone.com\/de und dem Nutzer findet ausschlie\u00dflich India Recht Anwendung. F\u00fcr Streitigkeiten ist das Bezirksrecht in Gorakhpur \/ India zust\u00e4ndig.<\/p>\n\n\n\n<p>Sollten und soweit Teile oder Bestimmungen dieser Nutzungsbedingungen zwingenden Bestimmungen des nationalen oder internationalen Rechts entgegenstehen, gelten diese als nicht vereinbart und diese Nutzungsbedingungen bleiben f\u00fcr andere Parteien verbindlich.<\/p>\n","protected":false},"excerpt":{"rendered":"<p>Gesch\u00e4ftsbedingungen Artikel 1: Begriffsbestimmungen In diesen Nutzungsbedingungen gelten folgende Definitionen: Website: kuponzone.com\/de Benutzer: Die (juristische) Person, die die \u00fcber die Website angebotenen Dienste nutzt; Anbieter: Die (juristische) Person, die Informationen, Angebote, Rabattcodes, Produkte oder Dienstleistungen anbietet, auf die auf der KuponZone.com\/de Website mittels eines (Hyper-)Links oder anderweitig verwiesen wird; Angebote: Alle Angebote, Informationen, Rabattcodes, Angebote, [&hellip;]<\/p>\n","protected":false},"author":1,"featured_media":0,"parent":0,"menu_order":0,"comment_status":"closed","ping_status":"closed","template":"","meta":{"_seopress_robots_primary_cat":"","_seopress_titles_title":"","_seopress_titles_desc":"","_seopress_robots_index":"","footnotes":""},"class_list":["post-40","page","type-page","status-publish","hentry"],"_links":{"self":[{"href":"https:\/\/kuponzone.com\/de\/wp-json\/wp\/v2\/pages\/40","targetHints":{"allow":["GET"]}}],"collection":[{"href":"https:\/\/kuponzone.com\/de\/wp-json\/wp\/v2\/pages"}],"about":[{"href":"https:\/\/kuponzone.com\/de\/wp-json\/wp\/v2\/types\/page"}],"author":[{"embeddable":true,"href":"https:\/\/kuponzone.com\/de\/wp-json\/wp\/v2\/users\/1"}],"replies":[{"embeddable":true,"href":"https:\/\/kuponzone.com\/de\/wp-json\/wp\/v2\/comments?post=40"}],"version-history":[{"count":0,"href":"https:\/\/kuponzone.com\/de\/wp-json\/wp\/v2\/pages\/40\/revisions"}],"wp:attachment":[{"href":"https:\/\/kuponzone.com\/de\/wp-json\/wp\/v2\/media?parent=40"}],"curies":[{"name":"wp","href":"https:\/\/api.w.org\/{rel}","templated":true}]}}