{"id":15,"date":"2021-12-02T08:55:12","date_gmt":"2021-12-02T08:55:12","guid":{"rendered":"https:\/\/kuponzone.com\/es\/?page_id=15"},"modified":"2025-04-24T16:46:17","modified_gmt":"2025-04-24T14:46:17","slug":"kuponzone-com-cupones-codigos-de-descuento-codigos-promocionales-y-ofertas","status":"publish","type":"page","link":"https:\/\/kuponzone.com\/es\/","title":{"rendered":"KuponZone Spain: Cupones, C\u00f3digos  descuento, C\u00f3digos promocionales y Ofertas"},"content":{"rendered":"\n<p>KuponZone.com\/es es un sitio web gratuito que le permite ahorrar dinero mientras compra en l\u00ednea. Puede encontrar cupones, c\u00f3digos de descuento, c\u00f3digos de promoci\u00f3n, ofertas y promociones para cientos de tiendas diferentes como Amazon, MediaMarkt o Spartoo.<\/p>\n","protected":false},"excerpt":{"rendered":"<p>KuponZone.com\/es es un sitio web gratuito que le permite ahorrar dinero mientras compra en l\u00ednea. Puede encontrar cupones, c\u00f3digos de descuento, c\u00f3digos de promoci\u00f3n, ofertas y promociones para cientos de tiendas diferentes como Amazon, MediaMarkt o Spartoo.<\/p>\n","protected":false},"author":1,"featured_media":0,"parent":0,"menu_order":0,"comment_status":"closed","ping_status":"closed","template":"templates\/frontpage.php","meta":{"_seopress_robots_primary_cat":"","_seopress_titles_title":"KuponZone Spain: C\u00f3digos descuento, C\u00f3digos promocionales","_seopress_titles_desc":"uponZone.com\/es es un sitio web gratuito que le permite ahorrar dinero mientras compra en l\u00ednea. Puede encontrar cupones, c\u00f3digos descuento, c\u00f3digos promoci\u00f3n, ofertas y promociones para cientos de tiendas diferentes como Amazon, MediaMarkt o Spartoo.","_seopress_robots_index":"","footnotes":""},"class_list":["post-15","page","type-page","status-publish","hentry"],"_links":{"self":[{"href":"https:\/\/kuponzone.com\/es\/wp-json\/wp\/v2\/pages\/15","targetHints":{"allow":["GET"]}}],"collection":[{"href":"https:\/\/kuponzone.com\/es\/wp-json\/wp\/v2\/pages"}],"about":[{"href":"https:\/\/kuponzone.com\/es\/wp-json\/wp\/v2\/types\/page"}],"author":[{"embeddable":true,"href":"https:\/\/kuponzone.com\/es\/wp-json\/wp\/v2\/users\/1"}],"replies":[{"embeddable":true,"href":"https:\/\/kuponzone.com\/es\/wp-json\/wp\/v2\/comments?post=15"}],"version-history":[{"count":1,"href":"https:\/\/kuponzone.com\/es\/wp-json\/wp\/v2\/pages\/15\/revisions"}],"predecessor-version":[{"id":847,"href":"https:\/\/kuponzone.com\/es\/wp-json\/wp\/v2\/pages\/15\/revisions\/847"}],"wp:attachment":[{"href":"https:\/\/kuponzone.com\/es\/wp-json\/wp\/v2\/media?parent=15"}],"curies":[{"name":"wp","href":"https:\/\/api.w.org\/{rel}","templated":true}]}}