{"id":17,"date":"2021-12-02T09:30:58","date_gmt":"2021-12-02T09:30:58","guid":{"rendered":"https:\/\/kuponzone.com\/es\/?page_id=17"},"modified":"2025-04-24T16:53:17","modified_gmt":"2025-04-24T14:53:17","slug":"todas-categorias","status":"publish","type":"page","link":"https:\/\/kuponzone.com\/es\/todas-categorias\/","title":{"rendered":"Todas Categor\u00edas"},"content":{"rendered":"","protected":false},"excerpt":{"rendered":"","protected":false},"author":1,"featured_media":0,"parent":0,"menu_order":0,"comment_status":"closed","ping_status":"closed","template":"templates\/category-az.php","meta":{"_seopress_robots_primary_cat":"","_seopress_titles_title":"Todas las Categor\u00edas | Ahorre 10-75% C\u00f3digos Descuento | KuponZone","_seopress_titles_desc":"Explora m\u00e1s de 30 categor\u00edas en KuponZone con m\u00e1s de 900 descuentos activos en moda, tecnolog\u00eda, alimentaci\u00f3n y viajes. Obt\u00e9n descuentos verificados para las mejores marcas y ofertas exclusivas.","_seopress_robots_index":"","footnotes":""},"class_list":["post-17","page","type-page","status-publish","hentry"],"_links":{"self":[{"href":"https:\/\/kuponzone.com\/es\/wp-json\/wp\/v2\/pages\/17","targetHints":{"allow":["GET"]}}],"collection":[{"href":"https:\/\/kuponzone.com\/es\/wp-json\/wp\/v2\/pages"}],"about":[{"href":"https:\/\/kuponzone.com\/es\/wp-json\/wp\/v2\/types\/page"}],"author":[{"embeddable":true,"href":"https:\/\/kuponzone.com\/es\/wp-json\/wp\/v2\/users\/1"}],"replies":[{"embeddable":true,"href":"https:\/\/kuponzone.com\/es\/wp-json\/wp\/v2\/comments?post=17"}],"version-history":[{"count":1,"href":"https:\/\/kuponzone.com\/es\/wp-json\/wp\/v2\/pages\/17\/revisions"}],"predecessor-version":[{"id":851,"href":"https:\/\/kuponzone.com\/es\/wp-json\/wp\/v2\/pages\/17\/revisions\/851"}],"wp:attachment":[{"href":"https:\/\/kuponzone.com\/es\/wp-json\/wp\/v2\/media?parent=17"}],"curies":[{"name":"wp","href":"https:\/\/api.w.org\/{rel}","templated":true}]}}