{"id":19,"date":"2021-12-02T09:32:54","date_gmt":"2021-12-02T09:32:54","guid":{"rendered":"https:\/\/kuponzone.com\/es\/?page_id=19"},"modified":"2025-04-24T16:51:43","modified_gmt":"2025-04-24T14:51:43","slug":"todas-tiendas","status":"publish","type":"page","link":"https:\/\/kuponzone.com\/es\/todas-tiendas\/","title":{"rendered":"Todas Tiendas"},"content":{"rendered":"\n<p>All Stores | 215+ Stores with Active Discount Codes | KuponZone<\/p>\n","protected":false},"excerpt":{"rendered":"<p>All Stores | 215+ Stores with Active Discount Codes | KuponZone<\/p>\n","protected":false},"author":1,"featured_media":0,"parent":0,"menu_order":0,"comment_status":"closed","ping_status":"closed","template":"templates\/store-az.php","meta":{"_seopress_robots_primary_cat":"","_seopress_titles_title":"Todas las Tiendas | 50+ Tiendas con C\u00f3digos Descuento Activos | KuponZone","_seopress_titles_desc":"Navega por nuestra completa lista de la A a la Z de m\u00e1s de 50 tiendas con c\u00f3digos de descuento verificados y actualizados regularmente. Encuentra marcas locales y globales de moda, tecnolog\u00eda, viajes y alimentaci\u00f3n con ahorros exclusivos de KuponZone en cada compra.","_seopress_robots_index":"","footnotes":""},"class_list":["post-19","page","type-page","status-publish","hentry"],"_links":{"self":[{"href":"https:\/\/kuponzone.com\/es\/wp-json\/wp\/v2\/pages\/19","targetHints":{"allow":["GET"]}}],"collection":[{"href":"https:\/\/kuponzone.com\/es\/wp-json\/wp\/v2\/pages"}],"about":[{"href":"https:\/\/kuponzone.com\/es\/wp-json\/wp\/v2\/types\/page"}],"author":[{"embeddable":true,"href":"https:\/\/kuponzone.com\/es\/wp-json\/wp\/v2\/users\/1"}],"replies":[{"embeddable":true,"href":"https:\/\/kuponzone.com\/es\/wp-json\/wp\/v2\/comments?post=19"}],"version-history":[{"count":1,"href":"https:\/\/kuponzone.com\/es\/wp-json\/wp\/v2\/pages\/19\/revisions"}],"predecessor-version":[{"id":849,"href":"https:\/\/kuponzone.com\/es\/wp-json\/wp\/v2\/pages\/19\/revisions\/849"}],"wp:attachment":[{"href":"https:\/\/kuponzone.com\/es\/wp-json\/wp\/v2\/media?parent=19"}],"curies":[{"name":"wp","href":"https:\/\/api.w.org\/{rel}","templated":true}]}}