{"id":237,"date":"2022-03-26T07:32:43","date_gmt":"2022-03-26T07:32:43","guid":{"rendered":"https:\/\/kuponzone.com\/es\/?page_id=237"},"modified":"2023-09-29T12:27:03","modified_gmt":"2023-09-29T10:27:03","slug":"sobre-nosotros","status":"publish","type":"page","link":"https:\/\/kuponzone.com\/es\/sobre-nosotros\/","title":{"rendered":"Sobre nosotros"},"content":{"rendered":"\n<p>Recogemos los mejores c\u00f3digos de descuento y ofertas para ayudarte a ahorrar tiempo y dinero. Esto no te cuesta absolutamente nada porque nuestro sitio web es completamente gratuito para usar.<\/p>\n\n\n\n<p>Nuestro objetivo es muy simple: queremos hacerlo lo m\u00e1s f\u00e1cil posible para que encuentres c\u00f3digos de descuento que funcionen, para que puedas ahorrar dinero mientras compras en tus tiendas favoritas porque todas las peque\u00f1as cosas ayudan. Por eso buscamos, probamos y verificamos c\u00f3digos de descuento para tiendas en l\u00ednea todos los d\u00edas.<\/p>\n\n\n\n<p>El dise\u00f1o de KuponZone.com\/es est\u00e1 dise\u00f1ado para ser lo m\u00e1s amigable para el usuario posible, para que puedas encontrar f\u00e1cilmente el camino hacia tus c\u00f3digos de descuento favoritos. Para hacer que nuestro sitio web sea a\u00fan m\u00e1s amigable para el usuario, nos enfocamos en tus comentarios.<\/p>\n\n\n\n<p>De esta manera, sabemos qu\u00e9 necesitamos mejorar y c\u00f3mo debemos continuar nuestras actividades. Tambi\u00e9n puedes dar tus comentarios sobre nuestros c\u00f3digos de descuento y ofertas.<\/p>\n\n\n\n<p>KuponZone.com\/es trabaja de cerca con las tiendas y redes conectadas. De esta manera, nos aseguramos de que siempre puedas encontrar el c\u00f3digo de descuento que est\u00e1s buscando.<\/p>\n\n\n\n<p>Para hacerlo a\u00fan m\u00e1s f\u00e1cil para ti, te enviamos un bolet\u00edn semanal en el que te mantenemos informado de los \u00faltimos c\u00f3digos de descuento y las mejores ofertas. Tambi\u00e9n lo hacemos en las redes sociales.<\/p>\n","protected":false},"excerpt":{"rendered":"<p>Recogemos los mejores c\u00f3digos de descuento y ofertas para ayudarte a ahorrar tiempo y dinero. Esto no te cuesta absolutamente nada porque nuestro sitio web es completamente gratuito para usar. Nuestro objetivo es muy simple: queremos hacerlo lo m\u00e1s f\u00e1cil posible para que encuentres c\u00f3digos de descuento que funcionen, para que puedas ahorrar dinero mientras [&hellip;]<\/p>\n","protected":false},"author":1,"featured_media":0,"parent":0,"menu_order":0,"comment_status":"closed","ping_status":"closed","template":"","meta":{"_seopress_robots_primary_cat":"","_seopress_titles_title":"Sobre nosotros","_seopress_titles_desc":"Recogemos los mejores c\u00f3digos de descuento y ofertas para ayudarte a ahorrar tiempo y dinero. Esto no te cuesta absolutamente nada porque nuestro sitio web es completamente gratuito para usar.","_seopress_robots_index":"","footnotes":""},"class_list":["post-237","page","type-page","status-publish","hentry"],"_links":{"self":[{"href":"https:\/\/kuponzone.com\/es\/wp-json\/wp\/v2\/pages\/237","targetHints":{"allow":["GET"]}}],"collection":[{"href":"https:\/\/kuponzone.com\/es\/wp-json\/wp\/v2\/pages"}],"about":[{"href":"https:\/\/kuponzone.com\/es\/wp-json\/wp\/v2\/types\/page"}],"author":[{"embeddable":true,"href":"https:\/\/kuponzone.com\/es\/wp-json\/wp\/v2\/users\/1"}],"replies":[{"embeddable":true,"href":"https:\/\/kuponzone.com\/es\/wp-json\/wp\/v2\/comments?post=237"}],"version-history":[{"count":0,"href":"https:\/\/kuponzone.com\/es\/wp-json\/wp\/v2\/pages\/237\/revisions"}],"wp:attachment":[{"href":"https:\/\/kuponzone.com\/es\/wp-json\/wp\/v2\/media?parent=237"}],"curies":[{"name":"wp","href":"https:\/\/api.w.org\/{rel}","templated":true}]}}