{"id":3,"date":"2021-11-08T11:08:22","date_gmt":"2021-11-08T11:08:22","guid":{"rendered":"https:\/\/kuponzone.com\/es\/?page_id=3"},"modified":"2023-09-29T13:14:20","modified_gmt":"2023-09-29T11:14:20","slug":"politica-de-privacidad","status":"publish","type":"page","link":"https:\/\/kuponzone.com\/es\/politica-de-privacidad\/","title":{"rendered":"Pol\u00edtica de privacidad"},"content":{"rendered":"\n<h2 class=\"wp-block-heading\">Pol\u00edtica de privacidad<\/h2>\n\n\n\n<p>KuponZone.com\/es se preocupa por su privacidad. Aunque la mayor parte de la informaci\u00f3n en este sitio est\u00e1 disponible sin proporcionar informaci\u00f3n personal, es posible que se le solicite informaci\u00f3n personal al usuario. Esta informaci\u00f3n puede transmitirse a terceros. El usuario puede oponerse de forma gratuita y previa solicitud al uso de sus datos para marketing directo. Su informaci\u00f3n personal puede transmitirse a terceros.<\/p>\n\n\n\n<p>Esta pol\u00edtica de privacidad describe qu\u00e9 informaci\u00f3n sobre usted recopilamos, d\u00f3nde se utiliza esta informaci\u00f3n y con qui\u00e9n y bajo qu\u00e9 condiciones se puede compartir esta informaci\u00f3n con terceros. Tambi\u00e9n te explicamos c\u00f3mo almacenamos tus datos y c\u00f3mo los protegemos contra un mal uso y qu\u00e9 derechos tienes respecto a los datos personales que nos facilitas.<\/p>\n\n\n\n<p>Siempre puede contactarnos para acceder a su informaci\u00f3n personal. Tambi\u00e9n puede contactarnos para la retirada\/eliminaci\u00f3n de su consentimiento\/datos personales. Puedes hacerlo a trav\u00e9s de nuestro formulario de contacto o a trav\u00e9s de <a href=\"mailto:info@kuponzone.com\">info@kuponzone.com<\/a>.<\/p>\n\n\n\n<h3 class=\"wp-block-heading\">Informacion personal<\/h3>\n\n\n\n<p>Cuando visita nuestro sitio web, descarga archivos, se suscribe a un bolet\u00edn informativo o nos proporciona informaci\u00f3n personal sobre usted, podemos recopilar y procesar la siguiente informaci\u00f3n personal: nombre, direcci\u00f3n, n\u00famero de tel\u00e9fono (m\u00f3vil), sexo, fecha. de nacimiento, IP y direcci\u00f3n de correo electr\u00f3nico.<\/p>\n\n\n\n<p>En ocasiones se le solicita que cree un perfil en el que tambi\u00e9n nos proporciona informaci\u00f3n personal. Si se registra en nuestro sitio web con su cuenta de sitio web de red social, podemos recuperar informaci\u00f3n para el perfil creado en nuestro sitio web. Preparar este perfil es \u00fatil para enviarte ofertas interesantes.<\/p>\n\n\n\n<p><strong>\u00bfPor qu\u00e9 procesamos datos personales?<\/strong><\/p>\n\n\n\n<p>Su informaci\u00f3n personal puede ser utilizada:<\/p>\n\n\n\n<p>Para mejorar el contenido de nuestros productos y nuestro sitio web.<br>Para nuestra administraci\u00f3n de clientes;<br>Para fines de marketing directo;<br>Para la venta y promoci\u00f3n de nuestros productos y servicios;<br>Para estudios de mercado;<br>Para la gesti\u00f3n de nuestro sitio web;<br>Para la gesti\u00f3n de nuestros concursos y campa\u00f1as promocionales;<\/p>\n\n\n\n<p>Podemos utilizar su informaci\u00f3n personal para nuevos fines que a\u00fan no est\u00e1n previstos en nuestra &#8220;pol\u00edtica de privacidad&#8221;.<\/p>\n\n\n\n<p><strong>\u00bfCon qui\u00e9n compartimos su informaci\u00f3n personal?<\/strong><\/p>\n\n\n\n<p>Estos datos personales son tratados por Adwire Marketing, que es el responsable del tratamiento. Se podr\u00e1n transmitir a otras empresas, en Espa\u00f1a y en el extranjero (mundial), que formen parte de Adwire Marketing, y tambi\u00e9n a socios comerciales.<\/p>\n\n\n\n<h3 class=\"wp-block-heading\">Boletin informativo<\/h3>\n\n\n\n<p>Si te suscribes a nuestra newsletter, recibir\u00e1s nuestra newsletter semanal con las ofertas m\u00e1s relevantes e interesantes del momento. Si desea darse de baja del bolet\u00edn, puede hacerlo haciendo clic en &#8216;cancelar suscripci\u00f3n&#8217; en la parte inferior del bolet\u00edn.<\/p>\n\n\n\n<h3 class=\"wp-block-heading\">Cookies<\/h3>\n\n\n\n<p>Este sitio web utiliza cookies para realizar un seguimiento de la visita y el uso de su sitio web. Esto significa que utilizamos cookies para realizar un seguimiento de si est\u00e1 interesado en las ofertas compartidas a trav\u00e9s de este sitio web. Cuando compras algo a trav\u00e9s de estas ofertas, recibimos una peque\u00f1a comisi\u00f3n de nuestros socios. No todas las empresas de nuestra plataforma desde las que realizamos promociones y descuentos pagan nuestra comisi\u00f3n, pero intentamos proporcionar la mejor descripci\u00f3n general posible de todos los descuentos, c\u00f3digos de promoci\u00f3n y ofertas actuales.<\/p>\n\n\n\n<h3 class=\"wp-block-heading\">Otros sitios web<\/h3>\n\n\n\n<p>Puede acceder a otros sitios web a trav\u00e9s de este sitio web. No somos responsables de la pol\u00edtica de privacidad de estos sitios web.<\/p>\n","protected":false},"excerpt":{"rendered":"<p>Pol\u00edtica de privacidad KuponZone.com\/es se preocupa por su privacidad. Aunque la mayor parte de la informaci\u00f3n en este sitio est\u00e1 disponible sin proporcionar informaci\u00f3n personal, es posible que se le solicite informaci\u00f3n personal al usuario. Esta informaci\u00f3n puede transmitirse a terceros. El usuario puede oponerse de forma gratuita y previa solicitud al uso de sus [&hellip;]<\/p>\n","protected":false},"author":1,"featured_media":0,"parent":0,"menu_order":0,"comment_status":"closed","ping_status":"open","template":"","meta":{"_seopress_robots_primary_cat":"","_seopress_titles_title":"Pol\u00edtica de privacidad","_seopress_titles_desc":"KuponZone.com\/es se preocupa por su privacidad. Aunque la mayor parte de la informaci\u00f3n en este sitio est\u00e1 disponible sin proporcionar informaci\u00f3n personal, es posible que se le solicite informaci\u00f3n personal al usuario. Esta informaci\u00f3n puede transmitirse a terceros. El usuario puede oponerse de forma gratuita y previa solicitud al uso de sus datos para marketing directo. Su informaci\u00f3n personal puede transmitirse a terceros.","_seopress_robots_index":"","footnotes":""},"class_list":["post-3","page","type-page","status-publish","hentry"],"_links":{"self":[{"href":"https:\/\/kuponzone.com\/es\/wp-json\/wp\/v2\/pages\/3","targetHints":{"allow":["GET"]}}],"collection":[{"href":"https:\/\/kuponzone.com\/es\/wp-json\/wp\/v2\/pages"}],"about":[{"href":"https:\/\/kuponzone.com\/es\/wp-json\/wp\/v2\/types\/page"}],"author":[{"embeddable":true,"href":"https:\/\/kuponzone.com\/es\/wp-json\/wp\/v2\/users\/1"}],"replies":[{"embeddable":true,"href":"https:\/\/kuponzone.com\/es\/wp-json\/wp\/v2\/comments?post=3"}],"version-history":[{"count":0,"href":"https:\/\/kuponzone.com\/es\/wp-json\/wp\/v2\/pages\/3\/revisions"}],"wp:attachment":[{"href":"https:\/\/kuponzone.com\/es\/wp-json\/wp\/v2\/media?parent=3"}],"curies":[{"name":"wp","href":"https:\/\/api.w.org\/{rel}","templated":true}]}}