{"id":526,"date":"2023-09-29T08:44:08","date_gmt":"2023-09-29T06:44:08","guid":{"rendered":"https:\/\/kuponzone.com\/es\/?page_id=526"},"modified":"2023-09-29T12:25:57","modified_gmt":"2023-09-29T10:25:57","slug":"cookies","status":"publish","type":"page","link":"https:\/\/kuponzone.com\/es\/cookies\/","title":{"rendered":"Cookies"},"content":{"rendered":"\n<p>Nuestro sitio web utiliza cookies. La mayor\u00eda de las cookies se aceptan autom\u00e1ticamente si el navegador no est\u00e1 configurado de otra manera.<\/p>\n\n\n\n<p>Al usar este sitio, usted acepta el almacenamiento de cookies. Una cookie es un archivo de texto corto que env\u00eda una p\u00e1gina web visitada a un navegador.<\/p>\n\n\n\n<p>Las cookies permiten al sitio registrar la informaci\u00f3n de su visita, como su idioma preferido y otros ajustes. Principalmente usamos las llamadas.<\/p>\n\n\n\n<p>cookies de sesi\u00f3n (traducci\u00f3n: las cookies se limitan a una visita). Las cookies de sesi\u00f3n se eliminan tan pronto como visita nuestro sitio.<\/p>\n\n\n\n<p>Las cookies no son da\u00f1inas para su dispositivo o el software. Como usuario, puede deshabilitar o limitar el uso de cookies en su navegador.<\/p>\n\n\n\n<h3 class=\"wp-block-heading\">Google Analytics<\/h3>\n\n\n\n<p>Para comprender mejor a nuestros visitantes del sitio, usamos Google Analytics de Google Inc. Google Analytics utiliza cookies para analizar c\u00f3mo se usa nuestro sitio.<\/p>\n\n\n\n<p>La informaci\u00f3n generada por una cookie para el uso del sitio (incluido su direcci\u00f3n IP) es proporcionada por Google Inc. y transferida y almacenada en un servidor.<\/p>\n\n\n\n<p>Todos los datos obtenidos de esta manera se procesan de forma an\u00f3nima. Los datos est\u00e1n destinados exclusivamente para la evaluaci\u00f3n del uso del sitio.<\/p>\n\n\n\n<p>La anonimidad est\u00e1 garantizada por el hecho de que Google Inc. no vincular\u00e1 la direcci\u00f3n IP con otros datos a su disposici\u00f3n.<\/p>\n\n\n\n<p>Para Google Inc., no se enviar\u00e1 ninguna otra informaci\u00f3n personal, como su direcci\u00f3n de correo electr\u00f3nico, nombre o n\u00famero de tel\u00e9fono. Puede rechazar y eliminar cookies en la mayor\u00eda de los navegadores.<\/p>\n\n\n\n<p>Los m\u00e9todos para hacer esto var\u00edan seg\u00fan el navegador y la versi\u00f3n. Sin embargo, puede obtener informaci\u00f3n actualizada sobre el bloqueo y la eliminaci\u00f3n de cookies a trav\u00e9s de estos enlaces:<\/p>\n\n\n\n<p>1. Google Chrome: <a rel=\"noreferrer noopener\" href=\"https:\/\/support.google.com\/chrome\/answer\/95647?hl=en\" target=\"_blank\">https:\/\/support.google.com\/chrome\/<\/a><br>2. Mozilla Firefox: <a rel=\"noreferrer noopener\" href=\"https:\/\/support.mozilla.org\/en-US\/kb\/enable-and-disable-cookies-website-preferences\" target=\"_blank\">https:\/\/support.mozilla.org<\/a><br>3. Internet Explorer: <a rel=\"noreferrer noopener\" href=\"https:\/\/support.microsoft.com\/en-gb\/help\/17442\/windows-internet-explorer-delete-manage-cookies\" target=\"_blank\">https:\/\/support.microsoft.com\/en-gb\/ help<\/a><br>4. Safari: <a rel=\"noreferrer noopener\" href=\"https:\/\/support.apple.com\/\" target=\"_blank\">https:\/\/support.apple.com<\/a><br>5. Edge: <a rel=\"noreferrer noopener\" href=\"https:\/\/support.microsoft.com\/en-gb\/help\/4468242\/microsoft-edge-browsing-data-and-privacy-microsoft-privacy\" target=\"_blank\">https:\/\/support.microsoft.com<\/a><br>6. Opera: <a rel=\"noreferrer noopener\" href=\"https:\/\/help.opera.com\/en\/latest\/web-preferences\/#manageCookies\" target=\"_blank\">https:\/\/help.opera.com<\/a><\/p>\n","protected":false},"excerpt":{"rendered":"<p>Nuestro sitio web utiliza cookies. La mayor\u00eda de las cookies se aceptan autom\u00e1ticamente si el navegador no est\u00e1 configurado de otra manera. Al usar este sitio, usted acepta el almacenamiento de cookies. Una cookie es un archivo de texto corto que env\u00eda una p\u00e1gina web visitada a un navegador. Las cookies permiten al sitio registrar [&hellip;]<\/p>\n","protected":false},"author":1,"featured_media":0,"parent":0,"menu_order":0,"comment_status":"closed","ping_status":"closed","template":"","meta":{"_seopress_robots_primary_cat":"","_seopress_titles_title":"Cookies","_seopress_titles_desc":"Nuestro sitio web utiliza cookies. La mayor\u00eda de las cookies se aceptan autom\u00e1ticamente si el navegador no est\u00e1 configurado de otra manera.","_seopress_robots_index":"","footnotes":""},"class_list":["post-526","page","type-page","status-publish","hentry"],"_links":{"self":[{"href":"https:\/\/kuponzone.com\/es\/wp-json\/wp\/v2\/pages\/526","targetHints":{"allow":["GET"]}}],"collection":[{"href":"https:\/\/kuponzone.com\/es\/wp-json\/wp\/v2\/pages"}],"about":[{"href":"https:\/\/kuponzone.com\/es\/wp-json\/wp\/v2\/types\/page"}],"author":[{"embeddable":true,"href":"https:\/\/kuponzone.com\/es\/wp-json\/wp\/v2\/users\/1"}],"replies":[{"embeddable":true,"href":"https:\/\/kuponzone.com\/es\/wp-json\/wp\/v2\/comments?post=526"}],"version-history":[{"count":0,"href":"https:\/\/kuponzone.com\/es\/wp-json\/wp\/v2\/pages\/526\/revisions"}],"wp:attachment":[{"href":"https:\/\/kuponzone.com\/es\/wp-json\/wp\/v2\/media?parent=526"}],"curies":[{"name":"wp","href":"https:\/\/api.w.org\/{rel}","templated":true}]}}