{"id":532,"date":"2023-09-29T10:00:45","date_gmt":"2023-09-29T08:00:45","guid":{"rendered":"https:\/\/kuponzone.com\/es\/?page_id=532"},"modified":"2023-09-29T12:26:54","modified_gmt":"2023-09-29T10:26:54","slug":"descargo-de-responsabilidad","status":"publish","type":"page","link":"https:\/\/kuponzone.com\/es\/descargo-de-responsabilidad\/","title":{"rendered":"Descargo de responsabilidad"},"content":{"rendered":"\n<p>KuponZone.com\/es ofrece una visi\u00f3n general de todos los c\u00f3digos de descuento, promociones y ofertas en l\u00ednea. De esta manera, puede ver y usar todas estas ofertas de forma gratuita.<\/p>\n\n\n\n<p>Todos los c\u00f3digos de descuento y ofertas deben estar siempre al d\u00eda y funcionar. Si encuentra acciones que no funcionan (o ya no funcionan) o que no son v\u00e1lidas, siempre puede hac\u00e9rnoslo saber.<\/p>\n\n\n\n<p>Al usar la informaci\u00f3n de este sitio web (https:\/\/kuponzone.com\/es) o sus servicios auxiliares, como el bolet\u00edn, las redes sociales o los banners, o cualquier forma de expresi\u00f3n y comunicaci\u00f3n, acepta este descargo de responsabilidad. La informaci\u00f3n de este sitio web y cualquier otra forma de propiedad intelectual pertenecen a kuponzone.com\/es.<\/p>\n\n\n\n<p>Sin permiso escrito expl\u00edcito, la informaci\u00f3n de este sitio web no se puede usar para publicaci\u00f3n en ninguna forma. KuponZone.com\/es se refiere a los proveedores de productos y servicios.<\/p>\n\n\n\n<p>Al comprar un producto o servicio, se aplican las condiciones de compra del correspondiente almac\u00e9n o proveedor de servicios. Los c\u00f3digos de descuento y ofertas no venden productos por s\u00ed mismos.<\/p>\n\n\n\n<p>No tenemos contacto con los departamentos de ventas de los diversos anunciantes y no podemos mediar en los problemas al comprar un producto y\/o servicio. KuponZone.com\/es usa enlaces de afiliados que nos permiten recibir comisi\u00f3n o compensaci\u00f3n de los anunciantes a trav\u00e9s de redes de socios al anunciar y vincular a los anunciantes.<\/p>\n\n\n\n<p>Los enlaces de afiliados solo se abren cuando el usuario hace clic en un enlace a un vendedor o cuando el usuario hace clic en un bot\u00f3n para mostrar un c\u00f3digo de descuento o descuento. \u00bfQuieres contactarnos?Entonces usa el formulario de contacto.<\/p>\n\n\n\n<h2 class=\"wp-block-heading\">Informaci\u00f3n de contacto<\/h2>\n\n\n\n<p>Adwire Marketing<\/p>\n\n\n\n<p>273 Gorakhpur,<\/p>\n\n\n\n<p>Uttar Pradesh, India <\/p>\n\n\n\n<p>Correo electr\u00f3nico: adwiremarketing@gmail.com<\/p>\n\n\n\n<p>M\u00f3vil: +917982164365<\/p>\n\n\n\n<p>Ubicaci\u00f3n: Gorakhpur India<\/p>\n\n\n\n<p>GSTIN Reg No: 09AOJPV2996K1ZW<\/p>\n","protected":false},"excerpt":{"rendered":"<p>KuponZone.com\/es ofrece una visi\u00f3n general de todos los c\u00f3digos de descuento, promociones y ofertas en l\u00ednea. De esta manera, puede ver y usar todas estas ofertas de forma gratuita. Todos los c\u00f3digos de descuento y ofertas deben estar siempre al d\u00eda y funcionar. Si encuentra acciones que no funcionan (o ya no funcionan) o que [&hellip;]<\/p>\n","protected":false},"author":1,"featured_media":0,"parent":0,"menu_order":0,"comment_status":"closed","ping_status":"closed","template":"","meta":{"_seopress_robots_primary_cat":"","_seopress_titles_title":"Descargo de responsabilidad","_seopress_titles_desc":"KuponZone.com\/es ofrece una visi\u00f3n general de todos los c\u00f3digos de descuento, promociones y ofertas en l\u00ednea. De esta manera, puede ver y usar todas estas ofertas de forma gratuita.","_seopress_robots_index":"","footnotes":""},"class_list":["post-532","page","type-page","status-publish","hentry"],"_links":{"self":[{"href":"https:\/\/kuponzone.com\/es\/wp-json\/wp\/v2\/pages\/532","targetHints":{"allow":["GET"]}}],"collection":[{"href":"https:\/\/kuponzone.com\/es\/wp-json\/wp\/v2\/pages"}],"about":[{"href":"https:\/\/kuponzone.com\/es\/wp-json\/wp\/v2\/types\/page"}],"author":[{"embeddable":true,"href":"https:\/\/kuponzone.com\/es\/wp-json\/wp\/v2\/users\/1"}],"replies":[{"embeddable":true,"href":"https:\/\/kuponzone.com\/es\/wp-json\/wp\/v2\/comments?post=532"}],"version-history":[{"count":0,"href":"https:\/\/kuponzone.com\/es\/wp-json\/wp\/v2\/pages\/532\/revisions"}],"wp:attachment":[{"href":"https:\/\/kuponzone.com\/es\/wp-json\/wp\/v2\/media?parent=532"}],"curies":[{"name":"wp","href":"https:\/\/api.w.org\/{rel}","templated":true}]}}