{"id":536,"date":"2023-09-29T10:50:44","date_gmt":"2023-09-29T08:50:44","guid":{"rendered":"https:\/\/kuponzone.com\/es\/?page_id=536"},"modified":"2023-09-29T12:23:14","modified_gmt":"2023-09-29T10:23:14","slug":"preguntas-mas-frecuentes","status":"publish","type":"page","link":"https:\/\/kuponzone.com\/es\/preguntas-mas-frecuentes\/","title":{"rendered":"Preguntas m\u00e1s frecuentes"},"content":{"rendered":"\n<h2 class=\"wp-block-heading\">Preguntas m\u00e1s frecuentes<\/h2>\n\n\n\n<h3 class=\"wp-block-heading\">\u00bfQu\u00e9 es KuponZone.com\/es?<\/h3>\n\n\n\n<p>KuponZone.com\/es es un sitio web donde puedes encontrar c\u00f3digos de descuento y ofertas\/ofertas para tiendas en l\u00ednea.<\/p>\n\n\n\n<h3 class=\"wp-block-heading\">\u00bfQu\u00e9 es un c\u00f3digo de descuento?<\/h3>\n\n\n\n<p>Un c\u00f3digo de descuento (tambi\u00e9n conocido como c\u00f3digo promocional, c\u00f3digo de descuento o c\u00f3digo de cup\u00f3n) ser\u00e1 publicado por las tiendas en l\u00ednea para liberar un descuento. Para usar este c\u00f3digo de descuento, debe copiar el c\u00f3digo de descuento y luego pegarlo en el campo adecuado, durante la finalizaci\u00f3n de su pedido.<\/p>\n\n\n\n<h3 class=\"wp-block-heading\">\u00bfC\u00f3mo encuentro un c\u00f3digo de descuento?<\/h3>\n\n\n\n<p>Puedes encontrar un c\u00f3digo de descuento de diferentes maneras, dependiendo de tu situaci\u00f3n:<\/p>\n\n\n\n<p>Sabes exactamente qu\u00e9 producto y qu\u00e9 tienda quieres pedir. Haga clic en nuestra <a href=\"https:\/\/kuponzone.com\/es\/todas-tiendas\/\" data-type=\"link\" data-id=\"https:\/\/kuponzone.com\/es\/todas-tiendas\/\">lista alfab\u00e9tica de tiendas conectadas<\/a> en la tienda en l\u00ednea y verifique si hay c\u00f3digos de descuento o ofertas actualmente disponibles.<\/p>\n\n\n\n<p>Sabes qu\u00e9 producto quieres y te gustar\u00eda pedirlo con un descuento. Vea nuestras <a href=\"https:\/\/kuponzone.com\/es\/todas-categorias\/\" data-type=\"link\" data-id=\"https:\/\/kuponzone.com\/es\/todas-categorias\/\">categor\u00edas<\/a> y verifique si hay descuentos o ofertas disponibles para la categor\u00eda a la que pertenece su producto.<\/p>\n\n\n\n<p><strong>Funci\u00f3n de b\u00fasqueda<\/strong><br>Siempre puedes usar la barra de b\u00fasqueda para encontrar un c\u00f3digo de descuento o promoci\u00f3n espec\u00edfico.<\/p>\n\n\n\n<h3 class=\"wp-block-heading\">\u00bfEs KuponZone.com\/es gratis?<\/h3>\n\n\n\n<p>S\u00ed. KuponZone.com\/es es gratis para todos los usuarios.<\/p>\n\n\n\n<h3 class=\"wp-block-heading\">\u00bfPor qu\u00e9 tengo que registrarme?<\/h3>\n\n\n\n<ul class=\"wp-block-list\">\n<li>El registro es gratuito.<\/li>\n\n\n\n<li>Puedes recibir c\u00f3digos de descuento y ofertas exclusivas.<\/li>\n<\/ul>\n\n\n\n<h3 class=\"wp-block-heading\">\u00bfC\u00f3mo puedo enviar un c\u00f3digo de descuento?<\/h3>\n\n\n\n<p>Si desea publicar un c\u00f3digo de descuento o oferta en KuponZone.com\/es, simplemente complete nuestro formulario y revisaremos su solicitud.<\/p>\n","protected":false},"excerpt":{"rendered":"<p>Preguntas m\u00e1s frecuentes \u00bfQu\u00e9 es KuponZone.com\/es? KuponZone.com\/es es un sitio web donde puedes encontrar c\u00f3digos de descuento y ofertas\/ofertas para tiendas en l\u00ednea. \u00bfQu\u00e9 es un c\u00f3digo de descuento? Un c\u00f3digo de descuento (tambi\u00e9n conocido como c\u00f3digo promocional, c\u00f3digo de descuento o c\u00f3digo de cup\u00f3n) ser\u00e1 publicado por las tiendas en l\u00ednea para liberar un [&hellip;]<\/p>\n","protected":false},"author":1,"featured_media":0,"parent":0,"menu_order":0,"comment_status":"closed","ping_status":"closed","template":"","meta":{"_seopress_robots_primary_cat":"","_seopress_titles_title":"Preguntas m\u00e1s frecuentes | \u00bfQu\u00e9 es KuponZone.com\/es?","_seopress_titles_desc":"KuponZone.com\/es es un sitio web donde puedes encontrar c\u00f3digos de descuento y ofertas\/ofertas para tiendas en l\u00ednea.","_seopress_robots_index":"","footnotes":""},"class_list":["post-536","page","type-page","status-publish","hentry"],"_links":{"self":[{"href":"https:\/\/kuponzone.com\/es\/wp-json\/wp\/v2\/pages\/536","targetHints":{"allow":["GET"]}}],"collection":[{"href":"https:\/\/kuponzone.com\/es\/wp-json\/wp\/v2\/pages"}],"about":[{"href":"https:\/\/kuponzone.com\/es\/wp-json\/wp\/v2\/types\/page"}],"author":[{"embeddable":true,"href":"https:\/\/kuponzone.com\/es\/wp-json\/wp\/v2\/users\/1"}],"replies":[{"embeddable":true,"href":"https:\/\/kuponzone.com\/es\/wp-json\/wp\/v2\/comments?post=536"}],"version-history":[{"count":0,"href":"https:\/\/kuponzone.com\/es\/wp-json\/wp\/v2\/pages\/536\/revisions"}],"wp:attachment":[{"href":"https:\/\/kuponzone.com\/es\/wp-json\/wp\/v2\/media?parent=536"}],"curies":[{"name":"wp","href":"https:\/\/api.w.org\/{rel}","templated":true}]}}