{"id":2,"date":"2023-03-21T11:33:35","date_gmt":"2023-03-21T11:33:35","guid":{"rendered":"https:\/\/kuponzone.com\/fi\/?page_id=2"},"modified":"2023-04-16T11:36:04","modified_gmt":"2023-04-16T11:36:04","slug":"meista","status":"publish","type":"page","link":"https:\/\/kuponzone.com\/fi\/meista\/","title":{"rendered":"Meist\u00e4"},"content":{"rendered":"\n<p>Zbieramy najlepsze kody rabatowe i oferty, kt\u00f3re pomog\u0105 Ci zaoszcz\u0119dzi\u0107 czas i pieni\u0105dze. To nic Ci\u0119 nie kosztuje, poniewa\u017c korzystanie z naszej strony internetowej jest ca\u0142kowicie bezp\u0142atne.<\/p>\n\n\n\n<p>Nasz cel jest bardzo prosty: chcemy u\u0142atwi\u0107 Ci znalezienie dzia\u0142aj\u0105cych kod\u00f3w rabatowych, aby\u015b m\u00f3g\u0142 zaoszcz\u0119dzi\u0107 pieni\u0105dze podczas zakup\u00f3w w swoich ulubionych sklepach, poniewa\u017c wszystkie ma\u0142e elementy pomagaj\u0105. Dlatego codziennie wyszukujemy, testujemy i sprawdzamy kody rabatowe do sklep\u00f3w internetowych.<\/p>\n\n\n\n<p>Projekt KuponZone.com\/fi ma by\u0107 jak najbardziej przyjazny dla u\u017cytkownika, dzi\u0119ki czemu mo\u017cna \u0142atwo znale\u017a\u0107 drog\u0119 do ulubionych kod\u00f3w rabatowych. Aby nasza strona internetowa by\u0142a jeszcze bardziej przyjazna dla u\u017cytkownika, koncentrujemy si\u0119 na Twojej opinii. Dzi\u0119ki temu wiemy, co musimy poprawi\u0107 i jak powinni\u015bmy kontynuowa\u0107 nasz\u0105 dzia\u0142alno\u015b\u0107. Mo\u017cesz r\u00f3wnie\u017c wyrazi\u0107 opini\u0119 na temat naszych kod\u00f3w rabatowych i ofert.<\/p>\n\n\n\n<p>KuponZone.com\/fi \u015bci\u015ble wsp\u00f3\u0142pracuje ze sklepami i po\u0142\u0105czonymi sieciami. W ten spos\u00f3b zapewniamy, \u017ce zawsze znajdziesz kod rabatowy, kt\u00f3rego szukasz.<\/p>\n\n\n\n<p>Aby jeszcze bardziej Ci to u\u0142atwi\u0107, wysy\u0142amy cotygodniowy newsletter, w kt\u00f3rym informujemy Ci\u0119 o najnowszych kodach rabatowych i najlepszych ofertach. Robimy to r\u00f3wnie\u017c w mediach spo\u0142eczno\u015bciowych.<\/p>\n","protected":false},"excerpt":{"rendered":"<p>Zbieramy najlepsze kody rabatowe i oferty, kt\u00f3re pomog\u0105 Ci zaoszcz\u0119dzi\u0107 czas i pieni\u0105dze. To nic Ci\u0119 nie kosztuje, poniewa\u017c korzystanie z naszej strony internetowej jest ca\u0142kowicie bezp\u0142atne. Nasz cel jest bardzo prosty: chcemy u\u0142atwi\u0107 Ci znalezienie dzia\u0142aj\u0105cych kod\u00f3w rabatowych, aby\u015b m\u00f3g\u0142 zaoszcz\u0119dzi\u0107 pieni\u0105dze podczas zakup\u00f3w w swoich ulubionych sklepach, poniewa\u017c wszystkie ma\u0142e elementy pomagaj\u0105. Dlatego [&hellip;]<\/p>\n","protected":false},"author":1,"featured_media":0,"parent":0,"menu_order":0,"comment_status":"closed","ping_status":"open","template":"","meta":{"_seopress_robots_primary_cat":"","_seopress_titles_title":"Meist\u00e4","_seopress_titles_desc":"Zbieramy najlepsze kody rabatowe i oferty, kt\u00f3re pomog\u0105 Ci zaoszcz\u0119dzi\u0107 czas i pieni\u0105dze. To nic Ci\u0119 nie kosztuje, poniewa\u017c korzystanie z naszej strony internetowej jest ca\u0142kowicie bezp\u0142atne.","_seopress_robots_index":"","footnotes":""},"class_list":["post-2","page","type-page","status-publish","hentry"],"_links":{"self":[{"href":"https:\/\/kuponzone.com\/fi\/wp-json\/wp\/v2\/pages\/2","targetHints":{"allow":["GET"]}}],"collection":[{"href":"https:\/\/kuponzone.com\/fi\/wp-json\/wp\/v2\/pages"}],"about":[{"href":"https:\/\/kuponzone.com\/fi\/wp-json\/wp\/v2\/types\/page"}],"author":[{"embeddable":true,"href":"https:\/\/kuponzone.com\/fi\/wp-json\/wp\/v2\/users\/1"}],"replies":[{"embeddable":true,"href":"https:\/\/kuponzone.com\/fi\/wp-json\/wp\/v2\/comments?post=2"}],"version-history":[{"count":1,"href":"https:\/\/kuponzone.com\/fi\/wp-json\/wp\/v2\/pages\/2\/revisions"}],"predecessor-version":[{"id":12,"href":"https:\/\/kuponzone.com\/fi\/wp-json\/wp\/v2\/pages\/2\/revisions\/12"}],"wp:attachment":[{"href":"https:\/\/kuponzone.com\/fi\/wp-json\/wp\/v2\/media?parent=2"}],"curies":[{"name":"wp","href":"https:\/\/api.w.org\/{rel}","templated":true}]}}