{"id":18,"date":"2022-01-07T14:07:39","date_gmt":"2022-01-07T14:07:39","guid":{"rendered":"https:\/\/kuponzone.com\/pl\/?page_id=18"},"modified":"2025-04-24T13:28:43","modified_gmt":"2025-04-24T11:28:43","slug":"kuponzone-poland-kupony-kody-rabatowe-kody-promocyjne-i-oferty","status":"publish","type":"page","link":"https:\/\/kuponzone.com\/pl\/","title":{"rendered":"KuponZone Poland: Kupony, Kody Rabatowe, Kody Promocyjne i Oferty"},"content":{"rendered":"\n<p>KuponZone.com\/pl to darmowy serwis, kt\u00f3ry pozwala zaoszcz\u0119dzi\u0107 pieni\u0105dze podczas zakup\u00f3w online. Mo\u017cesz znale\u017a\u0107 kupony, kody rabatowe, kody promocyjne, oferty i promocje dla setek r\u00f3\u017cnych sklep\u00f3w, takich jak About You, Modivo czy WITTCHEN.<\/p>\n","protected":false},"excerpt":{"rendered":"<p>KuponZone.com\/pl to darmowy serwis, kt\u00f3ry pozwala zaoszcz\u0119dzi\u0107 pieni\u0105dze podczas zakup\u00f3w online. Mo\u017cesz znale\u017a\u0107 kupony, kody rabatowe, kody promocyjne, oferty i promocje dla setek r\u00f3\u017cnych sklep\u00f3w, takich jak About You, Modivo czy WITTCHEN.<\/p>\n","protected":false},"author":1,"featured_media":0,"parent":0,"menu_order":0,"comment_status":"closed","ping_status":"closed","template":"templates\/frontpage.php","meta":{"_seopress_robots_primary_cat":"","_seopress_titles_title":"KuponZone Poland: Kupony, Kody Rabatowe, Kody Promocyjne","_seopress_titles_desc":"KuponZone.com\/pl to darmowy serwis, kt\u00f3ry pozwala zaoszcz\u0119dzi\u0107 pieni\u0105dze podczas zakup\u00f3w online. Mo\u017cesz znale\u017a\u0107 kupony, kody rabatowe, kody promocyjne, oferty i promocje dla setek r\u00f3\u017cnych sklep\u00f3w, takich jak About You, Modivo czy WITTCHEN.","_seopress_robots_index":"","footnotes":""},"class_list":["post-18","page","type-page","status-publish","hentry"],"_links":{"self":[{"href":"https:\/\/kuponzone.com\/pl\/wp-json\/wp\/v2\/pages\/18","targetHints":{"allow":["GET"]}}],"collection":[{"href":"https:\/\/kuponzone.com\/pl\/wp-json\/wp\/v2\/pages"}],"about":[{"href":"https:\/\/kuponzone.com\/pl\/wp-json\/wp\/v2\/types\/page"}],"author":[{"embeddable":true,"href":"https:\/\/kuponzone.com\/pl\/wp-json\/wp\/v2\/users\/1"}],"replies":[{"embeddable":true,"href":"https:\/\/kuponzone.com\/pl\/wp-json\/wp\/v2\/comments?post=18"}],"version-history":[{"count":1,"href":"https:\/\/kuponzone.com\/pl\/wp-json\/wp\/v2\/pages\/18\/revisions"}],"predecessor-version":[{"id":892,"href":"https:\/\/kuponzone.com\/pl\/wp-json\/wp\/v2\/pages\/18\/revisions\/892"}],"wp:attachment":[{"href":"https:\/\/kuponzone.com\/pl\/wp-json\/wp\/v2\/media?parent=18"}],"curies":[{"name":"wp","href":"https:\/\/api.w.org\/{rel}","templated":true}]}}