{"id":3,"date":"2021-11-08T10:42:15","date_gmt":"2021-11-08T10:42:15","guid":{"rendered":"https:\/\/kuponzone.com\/pl\/?page_id=3"},"modified":"2024-05-21T12:55:20","modified_gmt":"2024-05-21T10:55:20","slug":"privacy-policy","status":"publish","type":"page","link":"https:\/\/kuponzone.com\/pl\/privacy-policy\/","title":{"rendered":"Polityka prywatno\u015bci"},"content":{"rendered":"\n<h2 class=\"wp-block-heading\">Polityka prywatno\u015bci<\/h2>\n\n\n\n<p>KuponZone.com\/pl dba o prywatno\u015b\u0107 u\u017cytkownik\u00f3w. Chocia\u017c wi\u0119kszo\u015b\u0107 informacji na tej stronie jest dost\u0119pna bez podawania danych osobowych, mo\u017cliwe jest, \u017ce u\u017cytkownik zostanie poproszony o podanie danych osobowych. Informacje te mog\u0105 zosta\u0107 przekazane osobom trzecim. U\u017cytkownik mo\u017ce bezp\u0142atnie i na \u017c\u0105danie sprzeciwi\u0107 si\u0119 wykorzystywaniu jego danych do cel\u00f3w marketingu bezpo\u015bredniego. Dane osobowe u\u017cytkownika mog\u0105 by\u0107 przekazywane stronom trzecim.<\/p>\n\n\n\n<p>Niniejsza polityka prywatno\u015bci opisuje, jakie informacje o u\u017cytkowniku s\u0105 przez nas gromadzone, gdzie informacje te s\u0105 wykorzystywane oraz komu i na jakich warunkach informacje te mog\u0105 by\u0107 udost\u0119pniane stronom trzecim. Wyja\u015bniamy r\u00f3wnie\u017c, w jaki spos\u00f3b przechowujemy dane u\u017cytkownika i jak chronimy je przed niew\u0142a\u015bciwym wykorzystaniem oraz jakie prawa przys\u0142uguj\u0105 u\u017cytkownikowi w odniesieniu do przekazanych nam danych osobowych.<\/p>\n\n\n\n<p>Zawsze mo\u017cesz skontaktowa\u0107 si\u0119 z nami, aby uzyska\u0107 dost\u0119p do swoich danych osobowych. Mo\u017cesz r\u00f3wnie\u017c skontaktowa\u0107 si\u0119 z nami w celu wycofania\/usuni\u0119cia swojej zgody\/danych osobowych. Mo\u017cna to zrobi\u0107 za po\u015brednictwem naszego formularza kontaktowego lub poprzez <a href=\"https:\/\/kuponzone.com\/pl\/kontakt\/\" target=\"_blank\" rel=\"noreferrer noopener\">info@kuponzone.com<\/a>.<\/p>\n\n\n\n<h3 class=\"wp-block-heading\">Dane osobowe<\/h3>\n\n\n\n<p>Gdy u\u017cytkownik odwiedza nasz\u0105 witryn\u0119 internetow\u0105, pobiera pliki, subskrybuje biuletyn lub w inny spos\u00f3b przekazuje nam swoje dane osobowe, mo\u017cemy gromadzi\u0107 i przetwarza\u0107 nast\u0119puj\u0105ce dane osobowe: imi\u0119, nazwisko, adres, numer telefonu (kom\u00f3rkowego), p\u0142e\u0107, data urodzenia, adres IP i adres e-mail.<\/p>\n\n\n\n<p>Czasami u\u017cytkownik jest proszony o utworzenie profilu, w kt\u00f3rym r\u00f3wnie\u017c podaje nam swoje dane osobowe. Je\u015bli u\u017cytkownik zarejestruje si\u0119 w naszej witrynie za pomoc\u0105 konta w serwisie spo\u0142eczno\u015bciowym, mo\u017cemy pobra\u0107 informacje do profilu utworzonego w naszej witrynie. Przygotowanie takiego profilu jest przydatne do wysy\u0142ania interesuj\u0105cych ofert.<\/p>\n\n\n\n<p><strong>Dlaczego przetwarzamy dane osobowe?<\/strong><br>Dane osobowe u\u017cytkownika mog\u0105 zosta\u0107 wykorzystane:<\/p>\n\n\n\n<p>Ulepszanie tre\u015bci naszych produkt\u00f3w i naszej strony internetowej<br>Dla naszej administracji klienta;<br>Do cel\u00f3w marketingu bezpo\u015bredniego;<br>W celu sprzeda\u017cy i promocji naszych produkt\u00f3w i us\u0142ug;<br>Do bada\u0144 rynkowych;<br>Do zarz\u0105dzania nasz\u0105 stron\u0105 internetow\u0105;<br>Do zarz\u0105dzania naszymi konkursami i kampaniami promocyjnymi;<\/p>\n\n\n\n<p>Mo\u017cemy wykorzystywa\u0107 dane osobowe u\u017cytkownika do nowych cel\u00f3w, kt\u00f3re nie zosta\u0142y jeszcze przewidziane w naszej &#8220;polityce prywatno\u015bci&#8221;.<\/p>\n\n\n\n<p><strong>Komu udost\u0119pniamy dane osobowe u\u017cytkownik\u00f3w?<\/strong><\/p>\n\n\n\n<p>Te dane osobowe s\u0105 przetwarzane przez Adwire Marketing, kt\u00f3ra jest odpowiedzialna za ich przetwarzanie. Mog\u0105 one by\u0107 przekazywane innym firmom w Stanach Zjednoczonych i za granic\u0105 (na ca\u0142ym \u015bwiecie), kt\u00f3re s\u0105 cz\u0119\u015bci\u0105 Adwire Marketing, a tak\u017ce partnerom handlowym.<\/p>\n\n\n\n<h3 class=\"wp-block-heading\">Newsletter<\/h3>\n\n\n\n<p>Je\u015bli zapiszesz si\u0119 do naszego newslettera, b\u0119dziesz otrzymywa\u0107 nasz cotygodniowy biuletyn z najistotniejszymi i najciekawszymi ofertami w danym momencie. Je\u015bli chcesz zrezygnowa\u0107 z subskrypcji biuletynu, mo\u017cesz to zrobi\u0107, klikaj\u0105c &#8220;anuluj subskrypcj\u0119&#8221; u do\u0142u biuletynu.<\/p>\n\n\n\n<h3 class=\"wp-block-heading\">Pliki cookie<\/h3>\n\n\n\n<p>Ta witryna wykorzystuje pliki cookie do \u015bledzenia odwiedzin i korzystania z witryny. Oznacza to, \u017ce u\u017cywamy plik\u00f3w cookie, aby \u015bledzi\u0107, czy u\u017cytkownik jest zainteresowany ofertami udost\u0119pnianymi za po\u015brednictwem tej witryny. Gdy u\u017cytkownik dokona zakupu za po\u015brednictwem tych ofert, otrzymujemy niewielk\u0105 prowizj\u0119 od naszych partner\u00f3w. Nie ka\u017cda firma na naszej platformie, od kt\u00f3rej umieszczamy promocje i rabaty, p\u0142aci nasz\u0105 prowizj\u0119, ale staramy si\u0119 zapewni\u0107 jak najlepszy przegl\u0105d wszystkich aktualnych rabat\u00f3w, kod\u00f3w promocyjnych i ofert.<\/p>\n\n\n\n<h3 class=\"wp-block-heading\">Inne strony internetowe<\/h3>\n\n\n\n<p>Za po\u015brednictwem tej witryny mo\u017cna uzyska\u0107 dost\u0119p do innych witryn internetowych. Nie ponosimy odpowiedzialno\u015bci za polityk\u0119 prywatno\u015bci tych witryn.<\/p>\n","protected":false},"excerpt":{"rendered":"<p>Polityka prywatno\u015bci KuponZone.com\/pl dba o prywatno\u015b\u0107 u\u017cytkownik\u00f3w. Chocia\u017c wi\u0119kszo\u015b\u0107 informacji na tej stronie jest dost\u0119pna bez podawania danych osobowych, mo\u017cliwe jest, \u017ce u\u017cytkownik zostanie poproszony o podanie danych osobowych. Informacje te mog\u0105 zosta\u0107 przekazane osobom trzecim. U\u017cytkownik mo\u017ce bezp\u0142atnie i na \u017c\u0105danie sprzeciwi\u0107 si\u0119 wykorzystywaniu jego danych do cel\u00f3w marketingu bezpo\u015bredniego. Dane osobowe u\u017cytkownika mog\u0105 [&hellip;]<\/p>\n","protected":false},"author":1,"featured_media":0,"parent":0,"menu_order":0,"comment_status":"closed","ping_status":"open","template":"","meta":{"_seopress_robots_primary_cat":"","_seopress_titles_title":"Polityka prywatno\u015bci","_seopress_titles_desc":"KuponZone.com\/pl dba o prywatno\u015b\u0107 u\u017cytkownik\u00f3w. Chocia\u017c wi\u0119kszo\u015b\u0107 informacji na tej stronie jest dost\u0119pna bez podawania danych osobowych, mo\u017cliwe jest, \u017ce u\u017cytkownik zostanie poproszony o podanie danych osobowych. Informacje te mog\u0105 zosta\u0107 przekazane osobom trzecim.","_seopress_robots_index":"","footnotes":""},"class_list":["post-3","page","type-page","status-publish","hentry"],"_links":{"self":[{"href":"https:\/\/kuponzone.com\/pl\/wp-json\/wp\/v2\/pages\/3","targetHints":{"allow":["GET"]}}],"collection":[{"href":"https:\/\/kuponzone.com\/pl\/wp-json\/wp\/v2\/pages"}],"about":[{"href":"https:\/\/kuponzone.com\/pl\/wp-json\/wp\/v2\/types\/page"}],"author":[{"embeddable":true,"href":"https:\/\/kuponzone.com\/pl\/wp-json\/wp\/v2\/users\/1"}],"replies":[{"embeddable":true,"href":"https:\/\/kuponzone.com\/pl\/wp-json\/wp\/v2\/comments?post=3"}],"version-history":[{"count":0,"href":"https:\/\/kuponzone.com\/pl\/wp-json\/wp\/v2\/pages\/3\/revisions"}],"wp:attachment":[{"href":"https:\/\/kuponzone.com\/pl\/wp-json\/wp\/v2\/media?parent=3"}],"curies":[{"name":"wp","href":"https:\/\/api.w.org\/{rel}","templated":true}]}}