{"id":582,"date":"2024-05-21T07:46:36","date_gmt":"2024-05-21T05:46:36","guid":{"rendered":"https:\/\/kuponzone.com\/pl\/?page_id=582"},"modified":"2024-05-21T07:46:55","modified_gmt":"2024-05-21T05:46:55","slug":"o-nas","status":"publish","type":"page","link":"https:\/\/kuponzone.com\/pl\/o-nas\/","title":{"rendered":"O nas"},"content":{"rendered":"\n<p>Zbieramy najlepsze kody rabatowe i oferty, aby pom\u00f3c Ci zaoszcz\u0119dzi\u0107 czas i pieni\u0105dze. Nic Ci\u0119 to nie kosztuje, poniewa\u017c nasza strona jest ca\u0142kowicie darmowa.<\/p>\n\n\n\n<p>Nasz cel jest bardzo prosty: chcemy jak najbardziej u\u0142atwi\u0107 ci znalezienie dzia\u0142aj\u0105cych kod\u00f3w rabatowych, aby\u015b m\u00f3g\u0142 zaoszcz\u0119dzi\u0107 pieni\u0105dze podczas zakup\u00f3w w swoich ulubionych sklepach, poniewa\u017c wszystkie ma\u0142e elementy pomagaj\u0105. Dlatego codziennie wyszukujemy, testujemy i sprawdzamy kody rabatowe do sklep\u00f3w internetowych.<\/p>\n\n\n\n<p>Projekt KuponZone.com\/pl ma na celu by\u0107 jak najbardziej przyjazny dla u\u017cytkownika, dzi\u0119ki czemu mo\u017cna \u0142atwo znale\u017a\u0107 drog\u0119 do ulubionych kod\u00f3w rabatowych. Aby nasza strona by\u0142a jeszcze bardziej przyjazna dla u\u017cytkownika, skupiamy si\u0119 na opiniach u\u017cytkownik\u00f3w. W ten spos\u00f3b wiemy, co musimy poprawi\u0107 i jak powinni\u015bmy kontynuowa\u0107 nasze dzia\u0142ania. Mo\u017cesz r\u00f3wnie\u017c wyrazi\u0107 swoj\u0105 opini\u0119 na temat naszych kod\u00f3w rabatowych i ofert.<\/p>\n\n\n\n<p>KuponZone.com\/pl \u015bci\u015ble wsp\u00f3\u0142pracuje ze sklepami i po\u0142\u0105czonymi sieciami. W ten spos\u00f3b zapewniamy, \u017ce zawsze mo\u017cesz znale\u017a\u0107 kod rabatowy, kt\u00f3rego szukasz.<\/p>\n\n\n\n<p>Aby by\u0142o to jeszcze \u0142atwiejsze, wysy\u0142amy cotygodniowy biuletyn, w kt\u00f3rym informujemy o najnowszych kodach rabatowych i najlepszych ofertach. Robimy to r\u00f3wnie\u017c w mediach spo\u0142eczno\u015bciowych.<\/p>\n","protected":false},"excerpt":{"rendered":"<p>Zbieramy najlepsze kody rabatowe i oferty, aby pom\u00f3c Ci zaoszcz\u0119dzi\u0107 czas i pieni\u0105dze. Nic Ci\u0119 to nie kosztuje, poniewa\u017c nasza strona jest ca\u0142kowicie darmowa. Nasz cel jest bardzo prosty: chcemy jak najbardziej u\u0142atwi\u0107 ci znalezienie dzia\u0142aj\u0105cych kod\u00f3w rabatowych, aby\u015b m\u00f3g\u0142 zaoszcz\u0119dzi\u0107 pieni\u0105dze podczas zakup\u00f3w w swoich ulubionych sklepach, poniewa\u017c wszystkie ma\u0142e elementy pomagaj\u0105. Dlatego codziennie [&hellip;]<\/p>\n","protected":false},"author":1,"featured_media":0,"parent":0,"menu_order":0,"comment_status":"closed","ping_status":"closed","template":"","meta":{"_seopress_robots_primary_cat":"","_seopress_titles_title":"O nas","_seopress_titles_desc":"Zbieramy najlepsze kody rabatowe i oferty, aby pom\u00f3c Ci zaoszcz\u0119dzi\u0107 czas i pieni\u0105dze. Nic Ci\u0119 to nie kosztuje, poniewa\u017c nasza strona jest ca\u0142kowicie darmowa.","_seopress_robots_index":"","footnotes":""},"class_list":["post-582","page","type-page","status-publish","hentry"],"_links":{"self":[{"href":"https:\/\/kuponzone.com\/pl\/wp-json\/wp\/v2\/pages\/582","targetHints":{"allow":["GET"]}}],"collection":[{"href":"https:\/\/kuponzone.com\/pl\/wp-json\/wp\/v2\/pages"}],"about":[{"href":"https:\/\/kuponzone.com\/pl\/wp-json\/wp\/v2\/types\/page"}],"author":[{"embeddable":true,"href":"https:\/\/kuponzone.com\/pl\/wp-json\/wp\/v2\/users\/1"}],"replies":[{"embeddable":true,"href":"https:\/\/kuponzone.com\/pl\/wp-json\/wp\/v2\/comments?post=582"}],"version-history":[{"count":0,"href":"https:\/\/kuponzone.com\/pl\/wp-json\/wp\/v2\/pages\/582\/revisions"}],"wp:attachment":[{"href":"https:\/\/kuponzone.com\/pl\/wp-json\/wp\/v2\/media?parent=582"}],"curies":[{"name":"wp","href":"https:\/\/api.w.org\/{rel}","templated":true}]}}