{"id":590,"date":"2024-05-21T08:04:39","date_gmt":"2024-05-21T06:04:39","guid":{"rendered":"https:\/\/kuponzone.com\/pl\/?page_id=590"},"modified":"2024-05-21T11:25:16","modified_gmt":"2024-05-21T09:25:16","slug":"pliki-cookie","status":"publish","type":"page","link":"https:\/\/kuponzone.com\/pl\/pliki-cookie\/","title":{"rendered":"Pliki cookie"},"content":{"rendered":"\n<h2 class=\"wp-block-heading\">Pliki cookie<\/h2>\n\n\n\n<p>Nasza strona u\u017cywa plik\u00f3w cookie. Wi\u0119kszo\u015b\u0107 plik\u00f3w cookie jest automatycznie akceptowana, je\u015bli przegl\u0105darka nie jest ustawiona inaczej. Korzystaj\u0105c z tej witryny, wyra\u017casz zgod\u0119 na przechowywanie plik\u00f3w cookie.<\/p>\n\n\n\n<p>Plik cookie to kr\u00f3tki plik tekstowy wysy\u0142any przez odwiedzan\u0105 stron\u0119 internetow\u0105 do przegl\u0105darki. Pliki cookie umo\u017cliwiaj\u0105 witrynie rejestrowanie informacji o wizycie, takich jak preferowany j\u0119zyk i inne ustawienia. U\u017cywamy g\u0142\u00f3wnie tzw. sesyjnych plik\u00f3w cookie (t\u0142umaczenie: pliki cookie s\u0105 ograniczone do jednej wizyty). Sesyjne pliki cookie s\u0105 usuwane natychmiast po odwiedzeniu naszej witryny. Pliki cookie nie s\u0105 szkodliwe dla urz\u0105dzenia ani oprogramowania. U\u017cytkownik mo\u017ce wy\u0142\u0105czy\u0107 lub ograniczy\u0107 korzystanie z plik\u00f3w cookie w swojej przegl\u0105darce.<\/p>\n\n\n\n<h3 class=\"wp-block-heading\">Google Analytics<\/h3>\n\n\n\n<p>Aby lepiej zrozumie\u0107 odwiedzaj\u0105cych nasz\u0105 witryn\u0119, korzystamy z Google Analytics firmy Google Inc.<\/p>\n\n\n\n<p>Google Analytics wykorzystuje pliki cookie do analizy sposobu korzystania z naszej witryny. Informacje generowane przez plik cookie na temat korzystania z witryny (w tym adres IP) s\u0105 dostarczane przez Google Inc. i przesy\u0142ane&nbsp;i przechowywane na serwerze. Wszystkie uzyskane w ten spos\u00f3b dane s\u0105 przetwarzane anonimowo. Dane te s\u0105 przeznaczone wy\u0142\u0105cznie do oceny korzystania z witryny. Anonimowo\u015b\u0107 jest gwarantowana przez fakt, \u017ce Google Inc. nie po\u0142\u0105czy adresu IP z innymi danymi, kt\u00f3rymi dysponuje. Do Google Inc. nie s\u0105 przesy\u0142ane \u017cadne inne dane osobowe, takie jak adres e-mail, imi\u0119 i nazwisko lub numer telefonu.<\/p>\n\n\n\n<p>W wi\u0119kszo\u015bci przegl\u0105darek mo\u017cna odrzuca\u0107 i usuwa\u0107 pliki cookie. Metody wykonywania tej czynno\u015bci r\u00f3\u017cni\u0105 si\u0119 w zale\u017cno\u015bci od przegl\u0105darki i wersji. Aktualne informacje na temat blokowania i usuwania plik\u00f3w cookie mo\u017cna jednak uzyska\u0107, korzystaj\u0105c z poni\u017cszych link\u00f3w:<\/p>\n\n\n\n<p>1. Google Chrome: <a href=\"https:\/\/support.google.com\/chrome\/answer\/95647?hl=en\" target=\"_blank\" rel=\"noreferrer noopener\">https:\/\/support.google.com\/chrome\/<\/a><br>2. Mozilla Firefox: <a href=\"https:\/\/support.mozilla.org\/en-US\/kb\/enable-and-disable-cookies-website-preferences\" target=\"_blank\" rel=\"noreferrer noopener\">https:\/\/support.mozilla.org<\/a><br>3. Internet Explorer: <a href=\"https:\/\/support.microsoft.com\/en-gb\/help\/17442\/windows-internet-explorer-delete-manage-cookies\" target=\"_blank\" rel=\"noreferrer noopener\">https:\/\/support.microsoft.com\/en-gb\/ help<\/a><br>4. Safari: <a href=\"https:\/\/support.apple.com\/\" target=\"_blank\" rel=\"noreferrer noopener\">https:\/\/support.apple.com<\/a><br>5. Edge: <a href=\"https:\/\/support.microsoft.com\/en-gb\/help\/4468242\/microsoft-edge-browsing-data-and-privacy-microsoft-privacy\" target=\"_blank\" rel=\"noreferrer noopener\">https:\/\/support.microsoft.com<\/a><br>6. Opera: <a href=\"https:\/\/help.opera.com\/en\/latest\/web-preferences\/#manageCookies\" target=\"_blank\" rel=\"noreferrer noopener\">https:\/\/help.opera.com<\/a><\/p>\n","protected":false},"excerpt":{"rendered":"<p>Pliki cookie Nasza strona u\u017cywa plik\u00f3w cookie. Wi\u0119kszo\u015b\u0107 plik\u00f3w cookie jest automatycznie akceptowana, je\u015bli przegl\u0105darka nie jest ustawiona inaczej. Korzystaj\u0105c z tej witryny, wyra\u017casz zgod\u0119 na przechowywanie plik\u00f3w cookie. Plik cookie to kr\u00f3tki plik tekstowy wysy\u0142any przez odwiedzan\u0105 stron\u0119 internetow\u0105 do przegl\u0105darki. Pliki cookie umo\u017cliwiaj\u0105 witrynie rejestrowanie informacji o wizycie, takich jak preferowany j\u0119zyk i [&hellip;]<\/p>\n","protected":false},"author":1,"featured_media":0,"parent":0,"menu_order":0,"comment_status":"closed","ping_status":"closed","template":"","meta":{"_seopress_robots_primary_cat":"","_seopress_titles_title":"Pliki cookie","_seopress_titles_desc":"Nasza strona u\u017cywa plik\u00f3w cookie. Wi\u0119kszo\u015b\u0107 plik\u00f3w cookie jest automatycznie akceptowana, je\u015bli przegl\u0105darka nie jest ustawiona inaczej. Korzystaj\u0105c z tej witryny, wyra\u017casz zgod\u0119 na przechowywanie plik\u00f3w cookie.","_seopress_robots_index":"","footnotes":""},"class_list":["post-590","page","type-page","status-publish","hentry"],"_links":{"self":[{"href":"https:\/\/kuponzone.com\/pl\/wp-json\/wp\/v2\/pages\/590","targetHints":{"allow":["GET"]}}],"collection":[{"href":"https:\/\/kuponzone.com\/pl\/wp-json\/wp\/v2\/pages"}],"about":[{"href":"https:\/\/kuponzone.com\/pl\/wp-json\/wp\/v2\/types\/page"}],"author":[{"embeddable":true,"href":"https:\/\/kuponzone.com\/pl\/wp-json\/wp\/v2\/users\/1"}],"replies":[{"embeddable":true,"href":"https:\/\/kuponzone.com\/pl\/wp-json\/wp\/v2\/comments?post=590"}],"version-history":[{"count":0,"href":"https:\/\/kuponzone.com\/pl\/wp-json\/wp\/v2\/pages\/590\/revisions"}],"wp:attachment":[{"href":"https:\/\/kuponzone.com\/pl\/wp-json\/wp\/v2\/media?parent=590"}],"curies":[{"name":"wp","href":"https:\/\/api.w.org\/{rel}","templated":true}]}}