{"id":594,"date":"2024-05-21T11:23:58","date_gmt":"2024-05-21T09:23:58","guid":{"rendered":"https:\/\/kuponzone.com\/pl\/?page_id=594"},"modified":"2024-05-21T12:26:47","modified_gmt":"2024-05-21T10:26:47","slug":"disclaimer","status":"publish","type":"page","link":"https:\/\/kuponzone.com\/pl\/disclaimer\/","title":{"rendered":"Disclaimer"},"content":{"rendered":"\n<h2 class=\"wp-block-heading\">Disclaimer<\/h2>\n\n\n\n<p>KuponZone.com\/pl oferuje przegl\u0105d wszystkich kod\u00f3w rabatowych, promocji i ofert online. W ten spos\u00f3b mo\u017cesz przegl\u0105da\u0107 i korzysta\u0107 ze wszystkich tych ofert za darmo.<\/p>\n\n\n\n<p>Wszystkie kody rabatowe i oferty s\u0105 zawsze aktualne i dzia\u0142aj\u0105. Je\u015bli natkniesz si\u0119 na akcje, kt\u00f3re nie dzia\u0142aj\u0105 (lub ju\u017c nie dzia\u0142aj\u0105) lub s\u0105 niewa\u017cne, zawsze mo\u017cesz nas o tym poinformowa\u0107.<\/p>\n\n\n\n<p>Korzystaj\u0105c z informacji na tej stronie internetowej (https:\/\/kuponzone.com\/pl) lub jej us\u0142ug pomocniczych, takich jak biuletyn, media spo\u0142eczno\u015bciowe lub banery, lub jakiejkolwiek formy ekspresji i komunikacji, u\u017cytkownik wyra\u017ca zgod\u0119 na niniejsze wy\u0142\u0105czenie odpowiedzialno\u015bci.<\/p>\n\n\n\n<p>Informacje na tej stronie internetowej oraz wszelkie inne formy w\u0142asno\u015bci intelektualnej nale\u017c\u0105 do kuponzone.com\/pl. Bez wyra\u017anej pisemnej zgody, informacje na tej stronie nie mog\u0105 by\u0107 wykorzystywane do publikacji w jakiejkolwiek formie.<\/p>\n\n\n\n<p>KuponZone.com\/pl odnosi si\u0119 do dostawc\u00f3w produkt\u00f3w i us\u0142ug. Przy zakupie produktu lub us\u0142ugi obowi\u0105zuj\u0105 warunki zakupu danego sklepu lub dostawcy us\u0142ug. <strong>Kody rabatowe i oferty<\/strong> same w sobie nie sprzedaj\u0105 produkt\u00f3w. Nie mamy kontaktu z dzia\u0142ami sprzeda\u017cy r\u00f3\u017cnych reklamodawc\u00f3w i nie mo\u017cemy po\u015bredniczy\u0107 w problemach przy zakupie produktu i\/lub us\u0142ugi.<\/p>\n\n\n\n<p>KuponZone.com\/pl korzysta z link\u00f3w partnerskich, kt\u00f3re pozwalaj\u0105 nam otrzymywa\u0107 prowizj\u0119 lub wynagrodzenie od reklamodawc\u00f3w za po\u015brednictwem sieci partnerskich poprzez reklamowanie i linkowanie do reklamodawc\u00f3w. Linki partnerskie s\u0105 otwierane tylko wtedy, gdy u\u017cytkownik kliknie link do sprzedawcy lub gdy u\u017cytkownik kliknie przycisk, aby wy\u015bwietli\u0107 kod rabatowy lub zni\u017ck\u0119.<\/p>\n\n\n\n<p>Chcesz si\u0119 z nami skontaktowa\u0107? Skorzystaj z formularza kontaktowego.<\/p>\n\n\n\n<h2 class=\"wp-block-heading\">Informacje kontaktowe<\/h2>\n\n\n\n<p>Adwire Marketing<br>273 Gorakhpur,<br>Uttar Pradesh, India<\/p>\n\n\n\n<p>E-mail: adwiremarketing@gmail.com<br>Mob: +917982164365<\/p>\n\n\n\n<p>Lokalizacja: Gorakhpur India<br>GSTIN Reg No: 09AOJPV2996K1ZW<\/p>\n","protected":false},"excerpt":{"rendered":"<p>Disclaimer KuponZone.com\/pl oferuje przegl\u0105d wszystkich kod\u00f3w rabatowych, promocji i ofert online. W ten spos\u00f3b mo\u017cesz przegl\u0105da\u0107 i korzysta\u0107 ze wszystkich tych ofert za darmo. Wszystkie kody rabatowe i oferty s\u0105 zawsze aktualne i dzia\u0142aj\u0105. Je\u015bli natkniesz si\u0119 na akcje, kt\u00f3re nie dzia\u0142aj\u0105 (lub ju\u017c nie dzia\u0142aj\u0105) lub s\u0105 niewa\u017cne, zawsze mo\u017cesz nas o tym poinformowa\u0107. [&hellip;]<\/p>\n","protected":false},"author":1,"featured_media":0,"parent":0,"menu_order":0,"comment_status":"closed","ping_status":"closed","template":"","meta":{"_seopress_robots_primary_cat":"","_seopress_titles_title":"Disclaimer","_seopress_titles_desc":"KuponZone.com\/pl oferuje przegl\u0105d wszystkich kod\u00f3w rabatowych, promocji i ofert online. W ten spos\u00f3b mo\u017cesz przegl\u0105da\u0107 i korzysta\u0107 ze wszystkich tych ofert za darmo.","_seopress_robots_index":"","footnotes":""},"class_list":["post-594","page","type-page","status-publish","hentry"],"_links":{"self":[{"href":"https:\/\/kuponzone.com\/pl\/wp-json\/wp\/v2\/pages\/594","targetHints":{"allow":["GET"]}}],"collection":[{"href":"https:\/\/kuponzone.com\/pl\/wp-json\/wp\/v2\/pages"}],"about":[{"href":"https:\/\/kuponzone.com\/pl\/wp-json\/wp\/v2\/types\/page"}],"author":[{"embeddable":true,"href":"https:\/\/kuponzone.com\/pl\/wp-json\/wp\/v2\/users\/1"}],"replies":[{"embeddable":true,"href":"https:\/\/kuponzone.com\/pl\/wp-json\/wp\/v2\/comments?post=594"}],"version-history":[{"count":0,"href":"https:\/\/kuponzone.com\/pl\/wp-json\/wp\/v2\/pages\/594\/revisions"}],"wp:attachment":[{"href":"https:\/\/kuponzone.com\/pl\/wp-json\/wp\/v2\/media?parent=594"}],"curies":[{"name":"wp","href":"https:\/\/api.w.org\/{rel}","templated":true}]}}