{"id":603,"date":"2024-05-21T12:45:09","date_gmt":"2024-05-21T10:45:09","guid":{"rendered":"https:\/\/kuponzone.com\/pl\/?page_id=603"},"modified":"2024-05-21T12:45:10","modified_gmt":"2024-05-21T10:45:10","slug":"jak-dziala-kuponzone","status":"publish","type":"page","link":"https:\/\/kuponzone.com\/pl\/jak-dziala-kuponzone\/","title":{"rendered":"Jak dzia\u0142a KuponZone"},"content":{"rendered":"\n<h2 class=\"wp-block-heading\">Jak korzysta\u0107 z KuponZone.com\/pl?<\/h2>\n\n\n\n<h3 class=\"wp-block-heading\">Krok 1<\/h3>\n\n\n\n<p>Wprowad\u017a nazw\u0119 sklepu, dla kt\u00f3rego szukasz kodu kuponu lub oferty.<\/p>\n\n\n<div class=\"wp-block-image\">\n<figure class=\"alignleft\"><img decoding=\"async\" src=\"https:\/\/kuponzone.com\/wp-content\/uploads\/2020\/11\/Search-store.jpg\" alt=\"Search store\" class=\"wp-image-1461\"\/><\/figure>\n<\/div>\n\n\n<h1 class=\"wp-block-heading\">&nbsp;<\/h1>\n\n\n\n<h1 class=\"wp-block-heading\">&nbsp;<\/h1>\n\n\n\n<h3 class=\"wp-block-heading\">Krok 2<\/h3>\n\n\n\n<p>Wybierz kod kuponu lub ofert\u0119 i kliknij pomara\u0144czowy przycisk.<\/p>\n\n\n<div class=\"wp-block-image\">\n<figure class=\"alignleft\"><img decoding=\"async\" src=\"https:\/\/kuponzone.com\/wp-content\/uploads\/2020\/11\/Click-coupon-code-or-deal.jpg\" alt=\"Click coupon code or deal\" class=\"wp-image-1462\"\/><\/figure>\n<\/div>\n\n\n<h1 class=\"wp-block-heading\">&nbsp;<\/h1>\n\n\n\n<h1 class=\"wp-block-heading\">&nbsp;<\/h1>\n\n\n\n<h1 class=\"wp-block-heading\">&nbsp;<\/h1>\n\n\n\n<h1 class=\"wp-block-heading\">&nbsp;<\/h1>\n\n\n\n<h3 class=\"wp-block-heading\">Krok 3<\/h3>\n\n\n\n<p>Zobaczysz teraz kod kuponu. Jednocze\u015bnie otworzy si\u0119 nowy ekran lub karta, w kt\u00f3rej zostaniesz przekierowany do sklepu.<\/p>\n\n\n<div class=\"wp-block-image\">\n<figure class=\"alignleft\"><img decoding=\"async\" src=\"https:\/\/kuponzone.com\/wp-content\/uploads\/2020\/11\/Copy-coupon-code.jpg\" alt=\"Copy coupon code\" class=\"wp-image-1463\"\/><\/figure>\n<\/div>\n\n\n<h3 class=\"wp-block-heading\">Krok 4<\/h3>\n\n\n\n<p>Skopiuj kod kuponu i wprowad\u017a go podczas zakup\u00f3w online.<\/p>\n\n\n<div class=\"wp-block-image\">\n<figure class=\"alignleft\"><img decoding=\"async\" src=\"https:\/\/kuponzone.com\/wp-content\/uploads\/2020\/11\/redeem-offers.jpg\" alt=\"redeem offers\" class=\"wp-image-1464\"\/><\/figure>\n<\/div>","protected":false},"excerpt":{"rendered":"<p>Jak korzysta\u0107 z KuponZone.com\/pl? Krok 1 Wprowad\u017a nazw\u0119 sklepu, dla kt\u00f3rego szukasz kodu kuponu lub oferty. &nbsp; &nbsp; Krok 2 Wybierz kod kuponu lub ofert\u0119 i kliknij pomara\u0144czowy przycisk. &nbsp; &nbsp; &nbsp; &nbsp; Krok 3 Zobaczysz teraz kod kuponu. Jednocze\u015bnie otworzy si\u0119 nowy ekran lub karta, w kt\u00f3rej zostaniesz przekierowany do sklepu. Krok 4 Skopiuj [&hellip;]<\/p>\n","protected":false},"author":1,"featured_media":0,"parent":0,"menu_order":0,"comment_status":"closed","ping_status":"closed","template":"","meta":{"_seopress_robots_primary_cat":"","_seopress_titles_title":"How KuponZone Works","_seopress_titles_desc":"Jak dzia\u0142a KuponZone","_seopress_robots_index":"","footnotes":""},"class_list":["post-603","page","type-page","status-publish","hentry"],"_links":{"self":[{"href":"https:\/\/kuponzone.com\/pl\/wp-json\/wp\/v2\/pages\/603","targetHints":{"allow":["GET"]}}],"collection":[{"href":"https:\/\/kuponzone.com\/pl\/wp-json\/wp\/v2\/pages"}],"about":[{"href":"https:\/\/kuponzone.com\/pl\/wp-json\/wp\/v2\/types\/page"}],"author":[{"embeddable":true,"href":"https:\/\/kuponzone.com\/pl\/wp-json\/wp\/v2\/users\/1"}],"replies":[{"embeddable":true,"href":"https:\/\/kuponzone.com\/pl\/wp-json\/wp\/v2\/comments?post=603"}],"version-history":[{"count":0,"href":"https:\/\/kuponzone.com\/pl\/wp-json\/wp\/v2\/pages\/603\/revisions"}],"wp:attachment":[{"href":"https:\/\/kuponzone.com\/pl\/wp-json\/wp\/v2\/media?parent=603"}],"curies":[{"name":"wp","href":"https:\/\/api.w.org\/{rel}","templated":true}]}}